{"id":2010,"date":"2020-03-10T03:49:52","date_gmt":"2020-03-10T03:49:52","guid":{"rendered":"https:\/\/ernst-technologies.hk\/et-800-spec\/"},"modified":"2020-05-23T11:41:28","modified_gmt":"2020-05-23T11:41:28","slug":"et-800-spec","status":"publish","type":"page","link":"https:\/\/ernst-technologies.hk\/de\/et-800-spec\/","title":{"rendered":"ET-800-Technische Daten"},"content":{"rendered":"<div class=\"wpb-content-wrapper\">[vc_row thb_full_width=&#8220;true&#8220; content_placement=&#8220;middle&#8220; css=&#8220;.vc_custom_1573457260443{padding-top: 10px !important;padding-bottom: 10px !important;background-color: #f7f7f7 !important;}&#8220;][vc_column][vc_row_inner content_placement=&#8220;middle&#8220;][vc_column_inner width=&#8220;3\/5&#8243;][vc_column_text]\n<h4>ET-800 Alkalisch-Ionisiertes Wasserger\u00e4t<\/h4>\n[\/vc_column_text][\/vc_column_inner][vc_column_inner width=&#8220;2\/5&#8243; css=&#8220;.vc_custom_1573457202285{padding-top: 15px !important;}&#8220;][vc_column_text]\n<table style=\"width: 100%;\">\n<tbody>\n<tr>\n<td><a href=\"https:\/\/ernst-technologies.hk\/de\/et-800\/\">\u00dcberblick<\/a><\/td>\n<td><span style=\"color: #97171c;\">Technische Angaben<\/span><\/td>\n<td><a href=\"https:\/\/ernst-technologies.hk\/de\/support\/\">Jetzt kaufen<\/a><\/td>\n<\/tr>\n<\/tbody>\n<\/table>\n[\/vc_column_text][\/vc_column_inner][\/vc_row_inner][\/vc_column][\/vc_row][vc_row thb_full_width=&#8220;true&#8220; css=&#8220;.vc_custom_1570128812971{padding-top: 60px !important;}&#8220;][vc_column][vc_row_inner][vc_column_inner width=&#8220;1\/4&#8243;][vc_column_text]\n<h3 class=\"p1\"><span style=\"color: #3280bf;\">Grundinformationen<\/span><\/h3>\n[\/vc_column_text][\/vc_column_inner][vc_column_inner width=&#8220;3\/4&#8243; css=&#8220;.vc_custom_1570131324490{border-top-width: 1px !important;padding-top: 10px !important;border-top-color: #f1f1f1 !important;border-top-style: solid !important;}&#8220;][vc_column_text]\n<table style=\"border-collapse: collapse; padding: 0px;\">\n<tbody>\n<tr>\n<td>Aufbau<\/td>\n<td>Eingebettet oder an der Wand montiert, mit eingebautem Filter<\/td>\n<\/tr>\n<tr>\n<td>Nennspannung<\/td>\n<td>AC220V 50Hz<\/td>\n<\/tr>\n<tr>\n<td>Leistung<\/td>\n<td>ca. 270W<\/td>\n<\/tr>\n<tr>\n<td>Herstellungsort<\/td>\n<td>Hergestellt In Japan<\/td>\n<\/tr>\n<tr>\n<td>Garantiezeit<\/td>\n<td>10 Jahre ab Kaufdatum (Einzelheiten finden Sie im Handbuch)<\/td>\n<\/tr>\n<\/tbody>\n<\/table>\n[\/vc_column_text][\/vc_column_inner][\/vc_row_inner][\/vc_column][\/vc_row][vc_row thb_full_width=&#8220;true&#8220; css=&#8220;.vc_custom_1570128812971{padding-top: 60px !important;}&#8220;][vc_column][vc_row_inner][vc_column_inner width=&#8220;1\/4&#8243;][vc_column_text]\n<h3 class=\"p1\"><span style=\"color: #3280bf;\">Abmessungen<\/span><\/h3>\n[\/vc_column_text][\/vc_column_inner][vc_column_inner width=&#8220;3\/4&#8243; css=&#8220;.vc_custom_1570131324490{border-top-width: 1px !important;padding-top: 10px !important;border-top-color: #f1f1f1 !important;border-top-style: solid !important;}&#8220;][vc_column_text]\n<table style=\"border-collapse: collapse; padding: 0px;\">\n<tbody>\n<tr>\n<td>Abmessungen<\/td>\n<td>255 x 130 x 335 mm (L x B x H)<\/td>\n<\/tr>\n<tr>\n<td>Gewicht<\/td>\n<td>ca. 6kg<\/td>\n<\/tr>\n<\/tbody>\n<\/table>\n[\/vc_column_text][vc_single_image image=&#8220;1655&#8243; img_size=&#8220;full&#8220;][\/vc_column_inner][\/vc_row_inner][\/vc_column][\/vc_row][vc_row thb_full_width=&#8220;true&#8220; css=&#8220;.vc_custom_1570128812971{padding-top: 60px !important;}&#8220;][vc_column][vc_row_inner][vc_column_inner width=&#8220;1\/4&#8243;][vc_column_text]\n<h3 class=\"p1\"><span style=\"color: #3280bf;\">Betriebsspezifikationen<\/span><\/h3>\n[\/vc_column_text][\/vc_column_inner][vc_column_inner width=&#8220;3\/4&#8243; css=&#8220;.vc_custom_1570131324490{border-top-width: 1px !important;padding-top: 10px !important;border-top-color: #f1f1f1 !important;border-top-style: solid !important;}&#8220;][vc_column_text]\n<table style=\"border-collapse: collapse; padding: 0px;\">\n<tbody>\n<tr>\n<td>Bedienung<\/td>\n<td>Schalterknopf (Umschalten der Elektrolyseintensit\u00e4t, Sprache wechseln, Lautst\u00e4rkeeinstellung, usw.)<\/td>\n<\/tr>\n<tr>\n<td>Maximale Betriebswassertemperatur<\/td>\n<td>ca. 40 \u2103<\/td>\n<\/tr>\n<tr>\n<td>Wasserdruckbereich<\/td>\n<td>0,1-0,5 MPa<\/td>\n<\/tr>\n<tr>\n<td>Wasserversorgungsstecker<\/td>\n<td>Umschalter<\/td>\n<\/tr>\n<\/tbody>\n<\/table>\n[\/vc_column_text][\/vc_column_inner][\/vc_row_inner][\/vc_column][\/vc_row][vc_row thb_full_width=&#8220;true&#8220; css=&#8220;.vc_custom_1570128812971{padding-top: 60px !important;}&#8220;][vc_column][vc_row_inner][vc_column_inner width=&#8220;1\/4&#8243;][vc_column_text]\n<h3 class=\"p1\"><span style=\"color: #3280bf;\">Prozessor<\/span><\/h3>\n[\/vc_column_text][\/vc_column_inner][vc_column_inner width=&#8220;3\/4&#8243; css=&#8220;.vc_custom_1570131324490{border-top-width: 1px !important;padding-top: 10px !important;border-top-color: #f1f1f1 !important;border-top-style: solid !important;}&#8220;][vc_column_text]\n<table style=\"border-collapse: collapse; padding: 0px;\">\n<tbody>\n<tr>\n<td>Elektrolysemodus<\/td>\n<td>Kontinuierlich (eingebauter Durchflusssensor)<\/td>\n<\/tr>\n<tr>\n<td>Elektrolytbad<\/td>\n<td>7 hochreine Titan-Platin-Elektrodenplatten<\/td>\n<\/tr>\n<tr>\n<td>Elektrolyseleistung<\/td>\n<td>Gereinigtes Wasser, 4-stufiges Wasserstoffreiches Wasser, stark elektrolysiertes reduziertes Wasser und 2-stufiges saures Wasser<\/td>\n<\/tr>\n<tr>\n<td>Reinigungsmethode f\u00fcr Elektrodenplatten<\/td>\n<td>Automatisch (Reinigungssystem wird automatisch vom Mikrocomputer gesteuert) und manuell (Fertigstellung mit einem Klick)<\/td>\n<\/tr>\n<\/tbody>\n<\/table>\n[\/vc_column_text][\/vc_column_inner][\/vc_row_inner][\/vc_column][\/vc_row][vc_row thb_full_width=&#8220;true&#8220; css=&#8220;.vc_custom_1570128812971{padding-top: 60px !important;}&#8220;][vc_column][vc_row_inner][vc_column_inner width=&#8220;1\/4&#8243;][vc_column_text]\n<h3 class=\"p1\"><span style=\"color: #3280bf;\">Filter<\/span><\/h3>\n[\/vc_column_text][\/vc_column_inner][vc_column_inner width=&#8220;3\/4&#8243; css=&#8220;.vc_custom_1570131324490{border-top-width: 1px !important;padding-top: 10px !important;border-top-color: #f1f1f1 !important;border-top-style: solid !important;}&#8220;][vc_column_text]\n<table style=\"border-collapse: collapse; padding: 0px;\">\n<tbody>\n<tr>\n<td>Filter<\/td>\n<td>Hochleistungsgeformte antibakterielle Aktivkohle aus Kokosnussschalen, Vliesstoff<\/td>\n<\/tr>\n<tr>\n<td>Tipps zum Filterwechsel<\/td>\n<td>Sowohl das LCD- als auch das Sprachsystem erinnern an den Austausch, wenn die Wasserleistung von 12.000 l auf 0 l reduziert wird<\/td>\n<\/tr>\n<tr>\n<td>Austauschmethode<\/td>\n<td>Informationen zum Austausch des Filters finden Sie im Handbuch<\/td>\n<\/tr>\n<tr>\n<td>Kalziumzugabemethode<\/td>\n<td>Erzwungene Aufl\u00f6sung, eingebaute Kalziumpatrone<\/td>\n<\/tr>\n<\/tbody>\n<\/table>\n[\/vc_column_text][\/vc_column_inner][\/vc_row_inner][\/vc_column][\/vc_row][vc_row thb_full_width=&#8220;true&#8220; css=&#8220;.vc_custom_1570128812971{padding-top: 60px !important;}&#8220;][vc_column][vc_row_inner][vc_column_inner width=&#8220;1\/4&#8243;][vc_column_text]\n<h3 class=\"p1\"><span style=\"color: #3280bf;\">Schutzger\u00e4t<\/span><\/h3>\n[\/vc_column_text][\/vc_column_inner][vc_column_inner width=&#8220;3\/4&#8243; css=&#8220;.vc_custom_1570131324490{border-top-width: 1px !important;padding-top: 10px !important;border-top-color: #f1f1f1 !important;border-top-style: solid !important;}&#8220;][vc_column_text]\n<table style=\"border-collapse: collapse; padding: 0px;\">\n<tbody>\n<tr>\n<td>\u00dcberstromschutzeinrichtung<\/td>\n<td>Glassicherung<\/td>\n<\/tr>\n<tr>\n<td>\u00dcberstromerkennung<\/td>\n<td>Elektrolyseausgabe stoppt automatisch<\/td>\n<\/tr>\n<tr>\n<td>\u00dcberhitzungsschutzvorrichtung<\/td>\n<td>Eingebauter Leistungstransformator und Temperatursensor<\/td>\n<\/tr>\n<tr>\n<td>Bereichsspeicher<\/td>\n<td>Speicherung der letzten Einstellungen vor dem Ausschalten (Wasserstoffreiches Wasser 1-4)<\/td>\n<\/tr>\n<\/tbody>\n<\/table>\n[\/vc_column_text][\/vc_column_inner][\/vc_row_inner][\/vc_column][\/vc_row][vc_row thb_full_width=&#8220;true&#8220; css=&#8220;.vc_custom_1573401863556{padding-top: 60px !important;padding-bottom: 60px !important;}&#8220;][vc_column][vc_row_inner][vc_column_inner width=&#8220;1\/4&#8243;][vc_column_text]\n<h3 class=\"p1\"><span style=\"color: #3280bf;\">Zubeh\u00f6r<\/span><\/h3>\n[\/vc_column_text][\/vc_column_inner][vc_column_inner width=&#8220;3\/4&#8243; css=&#8220;.vc_custom_1570131523207{border-top-width: 1px !important;padding-top: 10px !important;border-top-color: #f1f1f1 !important;border-top-style: solid !important;}&#8220;][vc_column_text]Umschalter und Zubeh\u00f6r[\/vc_column_text][vc_single_image image=&#8220;1660&#8243; img_size=&#8220;full&#8220;][vc_empty_space height=&#8220;30px&#8220;][vc_column_text]ET-800 Spezialschlauch[\/vc_column_text][vc_single_image image=&#8220;1665&#8243; img_size=&#8220;full&#8220;][\/vc_column_inner][\/vc_row_inner][\/vc_column][\/vc_row][vc_row thb_full_width=&#8220;true&#8220; css=&#8220;.vc_custom_1570128812971{padding-top: 60px !important;}&#8220;][vc_column][vc_row_inner][vc_column_inner width=&#8220;1\/4&#8243;][vc_column_text]\n<h3 class=\"p1\"><span style=\"color: #3280bf;\">Medizinische Zertifizierung<\/span><\/h3>\n[\/vc_column_text][\/vc_column_inner][vc_column_inner width=&#8220;3\/4&#8243; css=&#8220;.vc_custom_1570131324490{border-top-width: 1px !important;padding-top: 10px !important;border-top-color: #f1f1f1 !important;border-top-style: solid !important;}&#8220;][vc_column_text]\n<p class=\"p1\">Das ET-800 ALKALISCH-IONISIERTES WASSERGER\u00c4T erf\u00fcllt die strengen Anforderungen der medizinischen Zertifizierung durch das Ministerium f\u00fcr Gesundheit, Arbeit und Soziales und das Japanische Institut f\u00fcr elektrische Sicherheit und Umwelt, und seine Sicherheit und Wirksamkeit erreichen das Niveau medizinischer Ger\u00e4te.<\/p>\n<p class=\"p1\">\u2027Japan Kanagawa Pr\u00e4fektur Herstellung und Verkauf von medizinischen<\/p>\n<p class=\"p1\">\u2027Lizenz des japanischen Ministeriums f\u00fcr Gesundheit, Arbeit und Soziales<\/p>\n<p class=\"p1\">\u2027Japan Patentregister Elektrolytbad Patentzertifikat<\/p>\n<p class=\"p1\">\u2027Kanagawa Industry Promotion Center Zertifikat f\u00fcr Gesch\u00e4ftsm\u00f6glichkeiten<\/p>\n<p class=\"p1\">\u2027Managementzertifikat des Instituts f\u00fcr elektrische Sicherheit und Umwelt<\/p>\n[\/vc_column_text][\/vc_column_inner][\/vc_row_inner][\/vc_column][\/vc_row][vc_row][vc_column][vc_empty_space height=&#8220;100px&#8220;][\/vc_column][\/vc_row]\n<\/div>","protected":false},"excerpt":{"rendered":"<p>[vc_row thb_full_width=&#8220;true&#8220; content_placement=&#8220;middle&#8220; css=&#8220;.vc_custom_1573457260443{padding-top: 10px !important;padding-bottom: 10px !important;background-color: #f7f7f7 !important;}&#8220;][vc_column][vc_row_inner content_placement=&#8220;middle&#8220;][vc_column_inner width=&#8220;3\/5&#8243;][vc_column_text] ET-800 Alkalisch-Ionisiertes Wasserger\u00e4t [\/vc_column_text][\/vc_column_inner][vc_column_inner width=&#8220;2\/5&#8243; css=&#8220;.vc_custom_1573457202285{padding-top: 15px !important;}&#8220;][vc_column_text] \u00dcberblick Technische Angaben Jetzt kaufen [\/vc_column_text][\/vc_column_inner][\/vc_row_inner][\/vc_column][\/vc_row][vc_row thb_full_width=&#8220;true&#8220; css=&#8220;.vc_custom_1570128812971{padding-top: 60px !important;}&#8220;][vc_column][vc_row_inner][vc_column_inner width=&#8220;1\/4&#8243;][vc_column_text] Grundinformationen [\/vc_column_text][\/vc_column_inner][vc_column_inner width=&#8220;3\/4&#8243; css=&#8220;.vc_custom_1570131324490{border-top-width: 1px !important;padding-top: 10px !important;border-top-color: #f1f1f1 !important;border-top-style: solid !important;}&#8220;][vc_column_text] Aufbau Eingebettet oder an der Wand montiert, mit eingebautem Filter Nennspannung AC220V&hellip;<\/p>\n","protected":false},"author":1,"featured_media":0,"parent":0,"menu_order":0,"comment_status":"closed","ping_status":"closed","template":"","meta":{"footnotes":""},"class_list":["post-2010","page","type-page","status-publish","hentry"],"_links":{"self":[{"href":"https:\/\/ernst-technologies.hk\/de\/wp-json\/wp\/v2\/pages\/2010","targetHints":{"allow":["GET"]}}],"collection":[{"href":"https:\/\/ernst-technologies.hk\/de\/wp-json\/wp\/v2\/pages"}],"about":[{"href":"https:\/\/ernst-technologies.hk\/de\/wp-json\/wp\/v2\/types\/page"}],"author":[{"embeddable":true,"href":"https:\/\/ernst-technologies.hk\/de\/wp-json\/wp\/v2\/users\/1"}],"replies":[{"embeddable":true,"href":"https:\/\/ernst-technologies.hk\/de\/wp-json\/wp\/v2\/comments?post=2010"}],"version-history":[{"count":1,"href":"https:\/\/ernst-technologies.hk\/de\/wp-json\/wp\/v2\/pages\/2010\/revisions"}],"predecessor-version":[{"id":2011,"href":"https:\/\/ernst-technologies.hk\/de\/wp-json\/wp\/v2\/pages\/2010\/revisions\/2011"}],"wp:attachment":[{"href":"https:\/\/ernst-technologies.hk\/de\/wp-json\/wp\/v2\/media?parent=2010"}],"curies":[{"name":"wp","href":"https:\/\/api.w.org\/{rel}","templated":true}]}}