{"id":1446,"date":"2019-10-03T09:00:13","date_gmt":"2019-10-03T09:00:13","guid":{"rendered":"https:\/\/ernst-technologies.hk\/pc-320-spec\/"},"modified":"2019-11-14T16:28:37","modified_gmt":"2019-11-14T16:28:37","slug":"pc-320-spec","status":"publish","type":"page","link":"https:\/\/ernst-technologies.hk\/de\/pc-320-spec\/","title":{"rendered":"PC-320-Technische Daten"},"content":{"rendered":"<div class=\"wpb-content-wrapper\">[vc_row thb_full_width=&#8220;true&#8220; content_placement=&#8220;middle&#8220; css=&#8220;.vc_custom_1573457260443{padding-top: 10px !important;padding-bottom: 10px !important;background-color: #f7f7f7 !important;}&#8220;][vc_column][vc_row_inner content_placement=&#8220;middle&#8220;][vc_column_inner width=&#8220;3\/5&#8243;][vc_column_text]\n<h4>PC-320 Wasserionisator<\/h4>\n[\/vc_column_text][\/vc_column_inner][vc_column_inner width=&#8220;2\/5&#8243; css=&#8220;.vc_custom_1573457202285{padding-top: 15px !important;}&#8220;][vc_column_text]\n<table style=\"width: 100%;\">\n<tbody>\n<tr>\n<td><a href=\"https:\/\/ernst-technologies.hk\/de\/pc-320\/\">\u00dcberblick<\/a><\/td>\n<td><span style=\"color: #97171c;\">Technische Angaben<\/span><\/td>\n<td><a href=\"https:\/\/ernst-technologies.hk\/de\/support\/\">Jetzt kaufen<\/a><\/td>\n<\/tr>\n<\/tbody>\n<\/table>\n[\/vc_column_text][\/vc_column_inner][\/vc_row_inner][\/vc_column][\/vc_row][vc_row thb_full_width=&#8220;true&#8220; css=&#8220;.vc_custom_1573358413025{padding-top: 80px !important;padding-bottom: 500px !important;background-image: url(https:\/\/ernst-technologies.hk\/wp-content\/uploads\/2019\/10\/PC-320-keyvisual_1_optimized.png?id=195) !important;background-position: center !important;background-repeat: no-repeat !important;background-size: cover !important;}&#8220;][vc_column][vc_row_inner][vc_column_inner width=&#8220;1\/5&#8243;][\/vc_column_inner][vc_column_inner width=&#8220;3\/5&#8243;][vc_column_text]\n<h6 class=\"p1\" style=\"text-align: center; margin: 0; color: #3280bf;\">Premium Professionalit\u00e4t<\/h6>\n<h6 class=\"p1\" style=\"text-align: center; margin-bottom: 5px; color: #3280bf;\">Wasserionisierungsgleichung<\/h6>\n[\/vc_column_text][\/vc_column_inner][vc_column_inner width=&#8220;1\/5&#8243;][\/vc_column_inner][\/vc_row_inner][\/vc_column][\/vc_row][vc_row thb_full_width=&#8220;true&#8220; css=&#8220;.vc_custom_1570128812971{padding-top: 60px !important;}&#8220;][vc_column][vc_row_inner][vc_column_inner width=&#8220;1\/4&#8243;][vc_column_text]\n<h3 class=\"p1\"><span style=\"color: #3280bf;\">Allgemeine Informationen<\/span><\/h3>\n[\/vc_column_text][\/vc_column_inner][vc_column_inner width=&#8220;3\/4&#8243; css=&#8220;.vc_custom_1570131324490{border-top-width: 1px !important;padding-top: 10px !important;border-top-color: #f1f1f1 !important;border-top-style: solid !important;}&#8220;][vc_column_text]\n<table style=\"border-collapse: collapse; padding: 0px;\">\n<tbody>\n<tr>\n<td>Aufbau<\/td>\n<td>Kann aufrecht aufgestellt oder an einer Wand befestigt werden, inklusive Filterpatrone<\/td>\n<\/tr>\n<tr>\n<td>Stromversorgung<\/td>\n<td>AC220V 50Hz<\/td>\n<\/tr>\n<tr>\n<td>Energieverbrauch<\/td>\n<td>ca. 200 W<\/td>\n<\/tr>\n<tr>\n<td><\/td>\n<td>Hergestellt In Japan<\/td>\n<\/tr>\n<\/tbody>\n<\/table>\n[\/vc_column_text][\/vc_column_inner][\/vc_row_inner][\/vc_column][\/vc_row][vc_row thb_full_width=&#8220;true&#8220; css=&#8220;.vc_custom_1570128812971{padding-top: 60px !important;}&#8220;][vc_column][vc_row_inner][vc_column_inner width=&#8220;1\/4&#8243;][vc_column_text]\n<h3 class=\"p1\"><span style=\"color: #3280bf;\">Gr\u00f6\u00dfe<\/span><\/h3>\n[\/vc_column_text][\/vc_column_inner][vc_column_inner width=&#8220;3\/4&#8243; css=&#8220;.vc_custom_1570131324490{border-top-width: 1px !important;padding-top: 10px !important;border-top-color: #f1f1f1 !important;border-top-style: solid !important;}&#8220;][vc_column_text]\n<table style=\"border-collapse: collapse; padding: 0px;\">\n<tbody>\n<tr>\n<td>Abmessungen des Produkts<\/td>\n<td>240mm lang x 110mm breit x 290mm hoch<\/td>\n<\/tr>\n<tr>\n<td>Gewicht des Produkts<\/td>\n<td>ca. 5kg<\/td>\n<\/tr>\n<\/tbody>\n<\/table>\n[\/vc_column_text][vc_single_image image=&#8220;980&#8243; img_size=&#8220;full&#8220;][\/vc_column_inner][\/vc_row_inner][\/vc_column][\/vc_row][vc_row thb_full_width=&#8220;true&#8220; css=&#8220;.vc_custom_1570128818936{padding-top: 60px !important;}&#8220;][vc_column][vc_row_inner][vc_column_inner width=&#8220;1\/4&#8243;][vc_column_text]\n<h3 class=\"p1\"><span style=\"color: #3280bf;\">Betriebstechnische Daten<\/span><\/h3>\n[\/vc_column_text][\/vc_column_inner][vc_column_inner width=&#8220;3\/4&#8243; css=&#8220;.vc_custom_1573357393921{border-top-width: 1px !important;padding-top: 30px !important;padding-right: 15% !important;padding-bottom: 30px !important;padding-left: 15% !important;border-top-color: #f1f1f1 !important;border-top-style: solid !important;}&#8220;][vc_single_image image=&#8220;1464&#8243; img_size=&#8220;full&#8220;][\/vc_column_inner][\/vc_row_inner][\/vc_column][\/vc_row][vc_row thb_full_width=&#8220;true&#8220; css=&#8220;.vc_custom_1570128812971{padding-top: 60px !important;}&#8220;][vc_column][vc_row_inner][vc_column_inner width=&#8220;1\/4&#8243;][vc_column_text]\n<h3 class=\"p1\"><span style=\"color: #3280bf;\">Prozessor<\/span><\/h3>\n[\/vc_column_text][\/vc_column_inner][vc_column_inner width=&#8220;3\/4&#8243; css=&#8220;.vc_custom_1570131324490{border-top-width: 1px !important;padding-top: 10px !important;border-top-color: #f1f1f1 !important;border-top-style: solid !important;}&#8220;][vc_column_text]\n<table style=\"border-collapse: collapse; padding: 0px;\">\n<tbody>\n<tr>\n<td>Arbeitsverfahren<\/td>\n<td>Dr\u00fccken Sie die Taste zur Aktivierung oder Deaktivierung (Optionen f\u00fcr Wassererzeugung, St\u00e4rke der Elektrolyse und elektrische Anzeige)<\/td>\n<\/tr>\n<tr>\n<td>Elektrische Anzeige<\/td>\n<td>pH und ORP (Anzeige durch Dr\u00fccken der Taste wechseln)<\/td>\n<\/tr>\n<tr>\n<td>H\u00f6chste, geeignete Wassertemperatur<\/td>\n<td>ca. 40 \u2103<\/td>\n<\/tr>\n<tr>\n<td>Geeigneter Wasserdruckbereich<\/td>\n<td>0.1-0.5MPa<\/td>\n<\/tr>\n<tr>\n<td>Spezifikation Wasserversorgung<\/td>\n<td>Lastumschalter (U-Typ)<\/td>\n<\/tr>\n<tr>\n<td>Anschluss Wasserversorgung<\/td>\n<td>Abzweighahn<\/td>\n<\/tr>\n<\/tbody>\n<\/table>\n[\/vc_column_text][\/vc_column_inner][\/vc_row_inner][\/vc_column][\/vc_row][vc_row thb_full_width=&#8220;true&#8220; css=&#8220;.vc_custom_1570128812971{padding-top: 60px !important;}&#8220;][vc_column][vc_row_inner][vc_column_inner width=&#8220;1\/4&#8243;][vc_column_text]\n<h3 class=\"p1\"><span style=\"color: #3280bf;\">Prozessor<\/span><\/h3>\n[\/vc_column_text][\/vc_column_inner][vc_column_inner width=&#8220;3\/4&#8243; css=&#8220;.vc_custom_1570131324490{border-top-width: 1px !important;padding-top: 10px !important;border-top-color: #f1f1f1 !important;border-top-style: solid !important;}&#8220;][vc_column_text]\n<table style=\"border-collapse: collapse; padding: 0px;\">\n<tbody>\n<tr>\n<td>Elektrolyseverfahren<\/td>\n<td>Kontinuierliche Elektrolyse (mit Mengenmesser)<\/td>\n<\/tr>\n<tr>\n<td>Elektrolytisch verarbeitete Wassermenge<\/td>\n<td>Mit einem Wasserdruck von 0,2MPa kann eine Wassermenge von 4,5-5,0 l\/min (3,0-3,5 l\/min abgegebene Wassermenge) verarbeitet werden<\/td>\n<\/tr>\n<tr>\n<td>Optionen der Elektrolyseleistung<\/td>\n<td>Reinwasser, 4-stufige Wasserreduktion und saures Wasser<\/td>\n<\/tr>\n<tr>\n<td>Elektrolysebad<\/td>\n<td>5-schichtige Platin-Titan-Elektrolyseplatte<\/td>\n<\/tr>\n<tr>\n<td>Methode zur Reinigung der Elektrolyseplatte<\/td>\n<td>Automatisches Reinigungssystem (Mikrocomputer steuert automatisch das Reinigungssystem) (reinigt je nach verbrauchter Wassermenge)<\/td>\n<\/tr>\n<tr>\n<td>Leistungsf\u00e4higkeit des Wasserfilters<\/td>\n<td>Die Chlorkonzentration in reduziertem Wasser betr\u00e4gt 2ppm bei einer Filterung von bis zu 0,4ppm und bei Erreichen von Entfernungsraten von bis zu 80%. Basierend auf einen normalen Verbrauch von 40\u2113 pro Tag, betr\u00e4gt die gefilterte Wassermenge pro Jahr ca. 10.000\u2113-15.000\u2113.<\/td>\n<\/tr>\n<tr>\n<td>Material des Filters<\/td>\n<td>K\u00f6rnige, antibakterielle Aktivkohle, Calciumsulfit, Keramik mit negativ geladenen Ionen und Zeolith<\/td>\n<\/tr>\n<tr>\n<td>Anzeige f\u00fcr den Filterwechsel<\/td>\n<td>Eine LED-Lampe, die sich nach Erreichen einer Wassermenge von 10t-15t oder nach ca. 1 Jahr ab dem Einbau einschaltet.<\/td>\n<\/tr>\n<tr>\n<td>Austausch<\/td>\n<td>Austausch der Filterpatrone<\/td>\n<\/tr>\n<tr>\n<td>Calcium-Additionsmethode<\/td>\n<td>Additionsverfahren f\u00fcr die Zwangsaufl\u00f6sung, Hinzuf\u00fcgen eines Calciumrohrs<\/td>\n<\/tr>\n<\/tbody>\n<\/table>\n[\/vc_column_text][\/vc_column_inner][\/vc_row_inner][\/vc_column][\/vc_row][vc_row thb_full_width=&#8220;true&#8220; css=&#8220;.vc_custom_1570128812971{padding-top: 60px !important;}&#8220;][vc_column][vc_row_inner][vc_column_inner width=&#8220;1\/4&#8243;][vc_column_text]\n<h3 class=\"p1\"><span style=\"color: #3280bf;\">Schutzeinrichtungen<\/span><\/h3>\n[\/vc_column_text][\/vc_column_inner][vc_column_inner width=&#8220;3\/4&#8243; css=&#8220;.vc_custom_1570131324490{border-top-width: 1px !important;padding-top: 10px !important;border-top-color: #f1f1f1 !important;border-top-style: solid !important;}&#8220;][vc_column_text]\n<table style=\"border-collapse: collapse; padding: 0px;\">\n<tbody>\n<tr>\n<td>Kurzschluss-Schutzeinrichtung<\/td>\n<td>Glassicherung<\/td>\n<\/tr>\n<tr>\n<td>Pr\u00fcfung \u00dcberstrom<\/td>\n<td>Stoppt automatisch den Elektrolyse-Output<\/td>\n<\/tr>\n<tr>\n<td>Temperatur \u00dcberhitzungsschutzeinrichtung<\/td>\n<td>Ausgestattet mit einem Transformator-Temperatursensor<\/td>\n<\/tr>\n<tr>\n<td>Speicherbereich<\/td>\n<td>Speicherung des endg\u00fcltigen Konfigurationsbereichs, wenn der Strom abgeschaltet wird (reduzierter Wasserbereich 1-3)<\/td>\n<\/tr>\n<\/tbody>\n<\/table>\n[\/vc_column_text][\/vc_column_inner][\/vc_row_inner][\/vc_column][\/vc_row][vc_row thb_full_width=&#8220;true&#8220; css=&#8220;.vc_custom_1573401863556{padding-top: 60px !important;padding-bottom: 60px !important;}&#8220;][vc_column][vc_row_inner][vc_column_inner width=&#8220;1\/4&#8243;][vc_column_text]\n<h3 class=\"p1\"><span style=\"color: #3280bf;\">Zubeh\u00f6r<\/span><\/h3>\n[\/vc_column_text][\/vc_column_inner][vc_column_inner width=&#8220;3\/4&#8243; css=&#8220;.vc_custom_1570131523207{border-top-width: 1px !important;padding-top: 10px !important;border-top-color: #f1f1f1 !important;border-top-style: solid !important;}&#8220;][vc_column_text]Abzweighahn und -teile[\/vc_column_text][vc_single_image image=&#8220;637&#8243; img_size=&#8220;full&#8220;][vc_empty_space height=&#8220;30px&#8220;][vc_column_text]Ausschlie\u00dflich PC-320 Rohre[\/vc_column_text][vc_single_image image=&#8220;638&#8243; img_size=&#8220;full&#8220;][\/vc_column_inner][\/vc_row_inner][\/vc_column][\/vc_row][vc_row thb_full_width=&#8220;true&#8220; css=&#8220;.vc_custom_1573357779010{padding-top: 60px !important;padding-bottom: 60px !important;background-color: #3280bf !important;}&#8220;][vc_column][vc_row_inner][vc_column_inner thb_color=&#8220;thb-light-column&#8220; width=&#8220;1\/2&#8243; css=&#8220;.vc_custom_1573357948770{padding-right: 10% !important;padding-left: 10% !important;}&#8220;][vc_column_text]\n<h3 class=\"p1\" style=\"text-align: left;\"><span style=\"color: #ffffff;\">Filterpatrone<\/span><\/h3>\n<p><span style=\"color: #ffffff;\">Nutzt sehr effektive Filtermaterialien wie antibakterielle Aktivkohle, Calciumsulfit, Keramik mit negativ geladenen Ionen und Zeolith, um Chlor, Mikroben und sch\u00e4dliche Metalle aus dem Leitungswasser zu entfernen.<\/span>[\/vc_column_text][vc_empty_space height=&#8220;10px&#8220;][vc_single_image image=&#8220;1291&#8243; img_size=&#8220;full&#8220;][vc_empty_space height=&#8220;30px&#8220;][\/vc_column_inner][vc_column_inner thb_color=&#8220;thb-light-column&#8220; width=&#8220;1\/2&#8243; css=&#8220;.vc_custom_1573357952617{padding-right: 10% !important;padding-left: 10% !important;}&#8220;][vc_column_text]\n<h3 class=\"p1\" style=\"text-align: left;\"><span style=\"color: #ffffff;\">Platin-Titan-Elektrolyseplatte<\/span><\/h3>\n<p><span style=\"color: #ffffff;\">Verbindet den elektrischen Strom mit den beiden Polen des Elektrolysebads im Wasserionisator, und die Mineralien im Wasser werden ionisiert. Das mit positiven Ionen geladene Calcium, Natrium, Kalium und Magnesium im Wasser wird durch den negativ geladenen Pol angezogen, wodurch elektrolysiertes Kangen-Wasser mit negativem Potential gebildet wird, w\u00e4hrend mit negativen Ionen geladenes Chlor, Schwefels\u00e4ure, Salpeters\u00e4ure und Kohlens\u00e4ure vom positiv geladenen Pol angezogen werden und elektrolysiertes, saures Wasser bildet.<\/span>[\/vc_column_text][vc_empty_space height=&#8220;10px&#8220;][vc_empty_space height=&#8220;10px&#8220;][vc_empty_space height=&#8220;10px&#8220;][vc_single_image image=&#8220;1286&#8243; img_size=&#8220;full&#8220;][vc_empty_space height=&#8220;30px&#8220;][\/vc_column_inner][\/vc_row_inner][\/vc_column][\/vc_row]\n<\/div>","protected":false},"excerpt":{"rendered":"<p>[vc_row thb_full_width=&#8220;true&#8220; content_placement=&#8220;middle&#8220; css=&#8220;.vc_custom_1573457260443{padding-top: 10px !important;padding-bottom: 10px !important;background-color: #f7f7f7 !important;}&#8220;][vc_column][vc_row_inner content_placement=&#8220;middle&#8220;][vc_column_inner width=&#8220;3\/5&#8243;][vc_column_text] PC-320 Wasserionisator [\/vc_column_text][\/vc_column_inner][vc_column_inner width=&#8220;2\/5&#8243; css=&#8220;.vc_custom_1573457202285{padding-top: 15px !important;}&#8220;][vc_column_text] \u00dcberblick Technische Angaben Jetzt kaufen [\/vc_column_text][\/vc_column_inner][\/vc_row_inner][\/vc_column][\/vc_row][vc_row thb_full_width=&#8220;true&#8220; css=&#8220;.vc_custom_1573358413025{padding-top: 80px !important;padding-bottom: 500px !important;background-image: url(https:\/\/ernst-technologies.hk\/wp-content\/uploads\/2019\/10\/PC-320-keyvisual_1_optimized.png?id=195) !important;background-position: center !important;background-repeat: no-repeat !important;background-size: cover !important;}&#8220;][vc_column][vc_row_inner][vc_column_inner width=&#8220;1\/5&#8243;][\/vc_column_inner][vc_column_inner width=&#8220;3\/5&#8243;][vc_column_text] Premium Professionalit\u00e4t Wasserionisierungsgleichung [\/vc_column_text][\/vc_column_inner][vc_column_inner width=&#8220;1\/5&#8243;][\/vc_column_inner][\/vc_row_inner][\/vc_column][\/vc_row][vc_row thb_full_width=&#8220;true&#8220; css=&#8220;.vc_custom_1570128812971{padding-top: 60px !important;}&#8220;][vc_column][vc_row_inner][vc_column_inner width=&#8220;1\/4&#8243;][vc_column_text] Allgemeine Informationen [\/vc_column_text][\/vc_column_inner][vc_column_inner width=&#8220;3\/4&#8243;&hellip;<\/p>\n","protected":false},"author":1,"featured_media":0,"parent":0,"menu_order":0,"comment_status":"closed","ping_status":"closed","template":"","meta":{"footnotes":""},"class_list":["post-1446","page","type-page","status-publish","hentry"],"_links":{"self":[{"href":"https:\/\/ernst-technologies.hk\/de\/wp-json\/wp\/v2\/pages\/1446","targetHints":{"allow":["GET"]}}],"collection":[{"href":"https:\/\/ernst-technologies.hk\/de\/wp-json\/wp\/v2\/pages"}],"about":[{"href":"https:\/\/ernst-technologies.hk\/de\/wp-json\/wp\/v2\/types\/page"}],"author":[{"embeddable":true,"href":"https:\/\/ernst-technologies.hk\/de\/wp-json\/wp\/v2\/users\/1"}],"replies":[{"embeddable":true,"href":"https:\/\/ernst-technologies.hk\/de\/wp-json\/wp\/v2\/comments?post=1446"}],"version-history":[{"count":7,"href":"https:\/\/ernst-technologies.hk\/de\/wp-json\/wp\/v2\/pages\/1446\/revisions"}],"predecessor-version":[{"id":1530,"href":"https:\/\/ernst-technologies.hk\/de\/wp-json\/wp\/v2\/pages\/1446\/revisions\/1530"}],"wp:attachment":[{"href":"https:\/\/ernst-technologies.hk\/de\/wp-json\/wp\/v2\/media?parent=1446"}],"curies":[{"name":"wp","href":"https:\/\/api.w.org\/{rel}","templated":true}]}}