{"id":1143,"date":"2019-10-03T09:01:42","date_gmt":"2019-10-03T09:01:42","guid":{"rendered":"https:\/\/ernst-technologies.hk\/happy-spa-spec\/"},"modified":"2019-11-14T09:31:21","modified_gmt":"2019-11-14T09:31:21","slug":"happy-spa-spec","status":"publish","type":"page","link":"https:\/\/ernst-technologies.hk\/de\/happy-spa-spec\/","title":{"rendered":"Happy Spa Bathing Badefiltrationsger\u00e4t &#8211; Technische Angaben"},"content":{"rendered":"<div class=\"wpb-content-wrapper\">[vc_row thb_full_width=&#8220;true&#8220; content_placement=&#8220;middle&#8220; css=&#8220;.vc_custom_1573457380558{padding-top: 10px !important;padding-bottom: 10px !important;background-color: #f7f7f7 !important;}&#8220;][vc_column][vc_row_inner content_placement=&#8220;middle&#8220;][vc_column_inner width=&#8220;3\/5&#8243;][vc_column_text]\n<h4>Happy Spa Bathing Badefiltrationsger\u00e4t<\/h4>\n[\/vc_column_text][\/vc_column_inner][vc_column_inner width=&#8220;2\/5&#8243; css=&#8220;.vc_custom_1573457386124{padding-top: 15px !important;}&#8220;][vc_column_text]\n<table style=\"width: 100%;\">\n<tbody>\n<tr>\n<td><a href=\"https:\/\/ernst-technologies.hk\/de\/happy-spa\/\">\u00dcberblick<\/a><\/td>\n<td><span style=\"color: #97171c;\">Technische Angaben<\/span><\/td>\n<td><a href=\"https:\/\/ernst-technologies.hk\/de\/support\/\">Jetzt kaufen<\/a><\/td>\n<\/tr>\n<\/tbody>\n<\/table>\n[\/vc_column_text][\/vc_column_inner][\/vc_row_inner][\/vc_column][\/vc_row][vc_row thb_full_width=&#8220;true&#8220; css=&#8220;.vc_custom_1570128812971{padding-top: 60px !important;}&#8220;][vc_column][vc_row_inner][vc_column_inner width=&#8220;1\/4&#8243;][vc_column_text]\n<h3 class=\"p1\"><span style=\"color: #3280bf;\">Technische Angaben<\/span><\/h3>\n[\/vc_column_text][\/vc_column_inner][vc_column_inner width=&#8220;3\/4&#8243; css=&#8220;.vc_custom_1570131324490{border-top-width: 1px !important;padding-top: 10px !important;border-top-color: #f1f1f1 !important;border-top-style: solid !important;}&#8220;][vc_column_text]\n<table style=\"border-collapse: collapse; padding: 0px;\">\n<tbody>\n<tr>\n<td>Gewicht<\/td>\n<td>Hauptteil 4,8 kg \/ Filterpatrone 0,7 kg<\/td>\n<\/tr>\n<tr>\n<td>Behandlungskapazit\u00e4t f\u00fcr freies Chlor<\/td>\n<td>100.000 l (die F\u00e4higkeit, die Konzentration unter 0,3 ppm zu halten)<\/td>\n<\/tr>\n<tr>\n<td>Maximale Wassertemperatur<\/td>\n<td>60\u00b0C<\/td>\n<\/tr>\n<tr>\n<td>Maximale Wasserdurchflussmenge<\/td>\n<td>15 l \/ min (max.)<\/td>\n<\/tr>\n<tr>\n<td>Hauptteil Material<\/td>\n<td>Hauptteil \/ SUS304\u00a0 Filterpatrone \/ Kunststoff<\/td>\n<\/tr>\n<tr>\n<td>Garantiezeit<\/td>\n<td>10 Jahre\u203b<\/td>\n<\/tr>\n<tr>\n<td>Herkunftsland<\/td>\n<td>\u00a0Japan<\/td>\n<\/tr>\n<\/tbody>\n<\/table>\n[\/vc_column_text][\/vc_column_inner][\/vc_row_inner][\/vc_column][\/vc_row][vc_row thb_full_width=&#8220;true&#8220; css=&#8220;.vc_custom_1570128818936{padding-top: 60px !important;}&#8220;][vc_column][vc_row_inner][vc_column_inner width=&#8220;1\/4&#8243;][vc_column_text]\n<h3 class=\"p1\"><span style=\"color: #3280bf;\">Design<\/span><\/h3>\n[\/vc_column_text][\/vc_column_inner][vc_column_inner width=&#8220;3\/4&#8243; css=&#8220;.vc_custom_1570131523207{border-top-width: 1px !important;padding-top: 10px !important;border-top-color: #f1f1f1 !important;border-top-style: solid !important;}&#8220;][vc_single_image image=&#8220;238&#8243; img_size=&#8220;full&#8220;][\/vc_column_inner][\/vc_row_inner][\/vc_column][\/vc_row][vc_row thb_full_width=&#8220;true&#8220; css=&#8220;.vc_custom_1570128818936{padding-top: 60px !important;}&#8220;][vc_column][vc_row_inner][vc_column_inner width=&#8220;1\/4&#8243;][vc_column_text]\n<h3 class=\"p1\"><span style=\"color: #3280bf;\">Gr\u00f6\u00dfe<\/span><\/h3>\n[\/vc_column_text][\/vc_column_inner][vc_column_inner width=&#8220;3\/4&#8243; css=&#8220;.vc_custom_1570131523207{border-top-width: 1px !important;padding-top: 10px !important;border-top-color: #f1f1f1 !important;border-top-style: solid !important;}&#8220;][vc_column_text]\n<table style=\"border-collapse: collapse; padding: 0px;\">\n<tbody>\n<tr>\n<td>Produktgr\u00f6\u00dfe<\/td>\n<td>H334 x \u03a6110MM<\/td>\n<\/tr>\n<\/tbody>\n<\/table>\n[\/vc_column_text][vc_single_image image=&#8220;245&#8243; img_size=&#8220;full&#8220;][\/vc_column_inner][\/vc_row_inner][\/vc_column][\/vc_row][vc_row thb_full_width=&#8220;true&#8220; css=&#8220;.vc_custom_1570128818936{padding-top: 60px !important;}&#8220;][vc_column][vc_row_inner][vc_column_inner width=&#8220;1\/4&#8243;][vc_column_text]\n<h3 class=\"p1\"><span style=\"color: #3280bf;\">Filter<\/span><\/h3>\n[\/vc_column_text][\/vc_column_inner][vc_column_inner width=&#8220;3\/4&#8243; css=&#8220;.vc_custom_1570131547404{border-top-width: 1px !important;padding-top: 10px !important;border-top-color: #f1f1f1 !important;border-top-style: solid !important;}&#8220;][vc_column_text]\n<table style=\"border-collapse: collapse; padding: 0px;\">\n<tbody>\n<tr>\n<td>Material der Filterpatrone<\/td>\n<td>Antibakterielle Aktivkohlefaser (Medizinstein, Turmalin, Gaia-Stein und Kristallkoralle)<\/td>\n<\/tr>\n<\/tbody>\n<\/table>\n[\/vc_column_text][vc_single_image image=&#8220;244&#8243; img_size=&#8220;full&#8220;][\/vc_column_inner][\/vc_row_inner][\/vc_column][\/vc_row][vc_row thb_full_width=&#8220;true&#8220; css=&#8220;.vc_custom_1570128818936{padding-top: 60px !important;}&#8220;][vc_column][vc_row_inner][vc_column_inner width=&#8220;1\/4&#8243;][vc_column_text]\n<h3 class=\"p1\"><span style=\"color: #3280bf;\">Zubeh\u00f6r<\/span><\/h3>\n[\/vc_column_text][\/vc_column_inner][vc_column_inner width=&#8220;3\/4&#8243; css=&#8220;.vc_custom_1570131563345{border-top-width: 1px !important;padding-top: 10px !important;border-top-color: #f1f1f1 !important;border-top-style: solid !important;}&#8220;][vc_column_text]\n<table style=\"border-collapse: collapse; padding: 0px;\">\n<tbody>\n<tr>\n<td>Zubeh\u00f6r1<\/td>\n<td>Wasserhahn-Adapter-Set<\/td>\n<\/tr>\n<tr>\n<td>Zubeh\u00f6r2<\/td>\n<td>Umschaltventil x 1, Kunststoffschlauch x 1<\/td>\n<\/tr>\n<tr>\n<td>Zubeh\u00f6r3<\/td>\n<td>Metallschlauch<\/td>\n<\/tr>\n<tr>\n<td>Zubeh\u00f6r4<\/td>\n<td>Saugnapf-Set<\/td>\n<\/tr>\n<\/tbody>\n<\/table>\n[\/vc_column_text][vc_single_image image=&#8220;246&#8243; img_size=&#8220;full&#8220;][\/vc_column_inner][\/vc_row_inner][\/vc_column][\/vc_row][vc_row thb_full_width=&#8220;true&#8220; css=&#8220;.vc_custom_1570128818936{padding-top: 60px !important;}&#8220;][vc_column][vc_row_inner][vc_column_inner width=&#8220;1\/4&#8243;][vc_column_text]\n<h3 class=\"p1\"><span style=\"color: #3280bf;\">Sicherheitsvorkehrungen<\/span><\/h3>\n[\/vc_column_text][\/vc_column_inner][vc_column_inner width=&#8220;3\/4&#8243; css=&#8220;.vc_custom_1570131582436{border-top-width: 1px !important;padding-top: 10px !important;border-top-color: #f1f1f1 !important;border-top-style: solid !important;}&#8220;][vc_column_text]\n<ul>\n<li>Lassen Sie vor Gebrauch f\u00fcr zwei bis drei Minuten Wasser durch den Wasserfilter laufen. Das Produkt ist nur zur \u00e4u\u00dferlichen Anwendung und nicht zur Trinkwasserreinigung geeignet.<\/li>\n<li>Das Produkt wurde eigens f\u00fcr die Reinigung von kommunalem Leitungswasser im Badezimmer entwickelt. Bitte verwenden Sie das Produkt nicht zur Reinigung von anderem Wasser (z. B. Wasser aus Brunnen, Fl\u00fcssen und Bergen). Andernfalls kann Ernst Technologies Limited nicht f\u00fcr dadurch verursachte Funktionsst\u00f6rungen des Produkts verantwortlich gemacht werden. Beim ersten Gebrauch k\u00f6nnen Tr\u00fcbheit und Blasen auftreten, da das Wasser nicht vollst\u00e4ndig in die Filterpatrone gelangt ist. Bitte lassen Sie das Wasser vor dem Gebrauch 2-3 Minuten lang ab.<\/li>\n<li>Das Gewicht des Produkts steigt nach Bef\u00fcllung mit Wasser an. Um Unf\u00e4lle durch Herunterfallen des Produkts zu vermeiden, verwenden Sie bitte das mitgelieferte Saugnapf-Set und befestigen Sie das Hauptteil an der Wand des Badezimmers. Ist genug Platz vorhanden, wird empfohlen, das Produkt auf einer ebenen Fl\u00e4che oder auf dem Boden anzubringen. Um zu verhindern, dass das Produkt herunterf\u00e4llt, bringen Sie bitte keinen anderen Gegenst\u00e4nde daran an. Wenn das Produkt 2-3 Tage lang nicht verwendet wird, wird empfohlen, das Wasser 2-3 Minuten lang abzulassen, bevor Sie das Produkt erneut verwenden.<\/li>\n<li>Bitte lassen Sie das vom Produkt gereinigte Wasser nicht f\u00fcr lange Zeit stehen, da es nach Entfernung des freien Chlors keine sterilisierende Wirkung hat.<\/li>\n<li>Falls das Leitungswasser rostig riecht oder r\u00f6tlich erscheint, verk\u00fcrzt sich die Lebensdauer der Filterpatrone. Lassen Sie daher nach jeder routinem\u00e4\u00dfigen Wartung des Wasserversorgungssystems das gesamte kontaminierte Wasser aus dem Schlauch ab, bevor Sie den Schlauch an das Produkt anschlie\u00dfen.<\/li>\n<li>Das Produkt ist nicht zum Gebrauch bei sehr niedrigen Temperaturen geeignet. Bitte installieren Sie das Produkt nicht an einem Ort der zu Frost neigt.<\/li>\n<li>Das Produkt ist f\u00fcr hei\u00dfes und f\u00fcr kaltes Wasser geeignet. Bitte beachten Sie, dass die Temperatur des Hauptteils leicht ansteigt, wenn hei\u00dfes Wasser zugef\u00fchrt wird. Das Produkt kann hei\u00dfes Wasser bis zu einer Maximaltemperatur von 60 \u2103 aushalten.<\/li>\n<\/ul>\n[\/vc_column_text][\/vc_column_inner][\/vc_row_inner][\/vc_column][\/vc_row][vc_row thb_full_width=&#8220;true&#8220; css=&#8220;.vc_custom_1570130820453{padding-top: 40px !important;padding-bottom: 60px !important;}&#8220;][vc_column][vc_row_inner][vc_column_inner css=&#8220;.vc_custom_1570130896534{border-top-width: 1px !important;padding-top: 20px !important;border-top-color: #f1f1f1 !important;border-top-style: solid !important;}&#8220;][vc_column_text]\n<h5 class=\"p1\">\u203bFree warranty is provided based on the following contents. The service is only for the country and region where the product is sold. The warranty period starts from the date of purchase and lasts for ten years. Free warranty can be provided if the product becomes faulty when used according to the safety precautions in the user manual. Ernst Technologies Limited may provide charged warranty in any of the following cases during the warranty period. 1. The product malfunctions or is damaged due to wrong use, careless use or improper repair or refitting. 2. The product falls due to change of installation site of the product after purchase, or breaks down or is damaged during transportation. 3. The product breaks down or is damaged due to natural disasters (fire, earthquake, frost, thunderstorm, coal gas hazard, etc.) and other force majeure. 4. The product breaks down or is damaged due to abnormal hydraulic pressure or other external factor. 5. The product suffers natural damage due to spraying and electroplating. 6. Not all required warranty materials have been provided, or the warranty materials are wrong.<br \/>\n7. The product is used in a country and region rather than that where it is bought.<\/h5>\n<h5 class=\"p1\">If the address of on-site repair is on an offshore island or in a remote region, corresponding travelling expenses need to be charged. Please dial the hotline for detailed regional information.<\/h5>\n<h5 class=\"p1\">We provide free warranty when the product is within valid warranty period and used under proper conditions, but the filter cartridge, accessories and other consumables are not within the scope of free warranty. The warranty is subject to the materials provided by the purchaser and cannot be changed. Our company does not provide warranty if the product is transferred or resold to a third party.<\/h5>\n<h5 class=\"p1\">If warranty is needed after the warranty period, our company may provide paid on-site maintenance upon the request of the customer.<\/h5>\n<h5 class=\"p1\">Ernst Technologies Limited has the right to final interpretation of the manual within the scope permitted by law.<\/h5>\n[\/vc_column_text][\/vc_column_inner][\/vc_row_inner][\/vc_column][\/vc_row]\n<\/div>","protected":false},"excerpt":{"rendered":"<p>[vc_row thb_full_width=&#8220;true&#8220; content_placement=&#8220;middle&#8220; css=&#8220;.vc_custom_1573457380558{padding-top: 10px !important;padding-bottom: 10px !important;background-color: #f7f7f7 !important;}&#8220;][vc_column][vc_row_inner content_placement=&#8220;middle&#8220;][vc_column_inner width=&#8220;3\/5&#8243;][vc_column_text] Happy Spa Bathing Badefiltrationsger\u00e4t [\/vc_column_text][\/vc_column_inner][vc_column_inner width=&#8220;2\/5&#8243; css=&#8220;.vc_custom_1573457386124{padding-top: 15px !important;}&#8220;][vc_column_text] \u00dcberblick Technische Angaben Jetzt kaufen [\/vc_column_text][\/vc_column_inner][\/vc_row_inner][\/vc_column][\/vc_row][vc_row thb_full_width=&#8220;true&#8220; css=&#8220;.vc_custom_1570128812971{padding-top: 60px !important;}&#8220;][vc_column][vc_row_inner][vc_column_inner width=&#8220;1\/4&#8243;][vc_column_text] Technische Angaben [\/vc_column_text][\/vc_column_inner][vc_column_inner width=&#8220;3\/4&#8243; css=&#8220;.vc_custom_1570131324490{border-top-width: 1px !important;padding-top: 10px !important;border-top-color: #f1f1f1 !important;border-top-style: solid !important;}&#8220;][vc_column_text] Gewicht Hauptteil 4,8 kg \/ Filterpatrone 0,7 kg Behandlungskapazit\u00e4t f\u00fcr&hellip;<\/p>\n","protected":false},"author":1,"featured_media":0,"parent":0,"menu_order":0,"comment_status":"closed","ping_status":"closed","template":"","meta":{"footnotes":""},"class_list":["post-1143","page","type-page","status-publish","hentry"],"_links":{"self":[{"href":"https:\/\/ernst-technologies.hk\/de\/wp-json\/wp\/v2\/pages\/1143","targetHints":{"allow":["GET"]}}],"collection":[{"href":"https:\/\/ernst-technologies.hk\/de\/wp-json\/wp\/v2\/pages"}],"about":[{"href":"https:\/\/ernst-technologies.hk\/de\/wp-json\/wp\/v2\/types\/page"}],"author":[{"embeddable":true,"href":"https:\/\/ernst-technologies.hk\/de\/wp-json\/wp\/v2\/users\/1"}],"replies":[{"embeddable":true,"href":"https:\/\/ernst-technologies.hk\/de\/wp-json\/wp\/v2\/comments?post=1143"}],"version-history":[{"count":3,"href":"https:\/\/ernst-technologies.hk\/de\/wp-json\/wp\/v2\/pages\/1143\/revisions"}],"predecessor-version":[{"id":1147,"href":"https:\/\/ernst-technologies.hk\/de\/wp-json\/wp\/v2\/pages\/1143\/revisions\/1147"}],"wp:attachment":[{"href":"https:\/\/ernst-technologies.hk\/de\/wp-json\/wp\/v2\/media?parent=1143"}],"curies":[{"name":"wp","href":"https:\/\/api.w.org\/{rel}","templated":true}]}}