{"id":1025,"date":"2019-10-03T08:55:58","date_gmt":"2019-10-03T08:55:58","guid":{"rendered":"https:\/\/ernst-technologies.hk\/about\/"},"modified":"2020-06-05T10:51:59","modified_gmt":"2020-06-05T10:51:59","slug":"about","status":"publish","type":"page","link":"https:\/\/ernst-technologies.hk\/de\/about\/","title":{"rendered":"\u00dcber uns"},"content":{"rendered":"<div class=\"wpb-content-wrapper\">[vc_row thb_full_width=&#8220;true&#8220; full_height=&#8220;yes&#8220; parallax=&#8220;content-moving-fade&#8220; parallax_image=&#8220;79&#8243;][vc_column][vc_row_inner content_placement=&#8220;middle&#8220;][vc_column_inner][vc_column_text]\n<h1 style=\"text-align: center;\"><span style=\"color: #97171c;\">Innovative Technologie,<br \/>\ngesundes Leben<\/span><\/h1>\n[\/vc_column_text][\/vc_column_inner][\/vc_row_inner][\/vc_column][\/vc_row][vc_row thb_full_width=&#8220;true&#8220; css=&#8220;.vc_custom_1570118354524{padding-top: 80px !important;padding-bottom: 80px !important;}&#8220;][vc_column][vc_row_inner thb_max_width=&#8220;&#8220;][vc_column_inner width=&#8220;1\/6&#8243;][\/vc_column_inner][vc_column_inner width=&#8220;2\/3&#8243;][vc_column_text]\n<h4 style=\"text-align: center;\"><span style=\"color: #97171c;\"><strong><img decoding=\"async\" class=\"alignnone wp-image-43 lazyload\" src=\"data:image\/gif;base64,R0lGODlhAQABAAAAACH5BAEKAAEALAAAAAABAAEAAAICTAEAOw==\" data-src=\"https:\/\/ernst-technologies.hk\/wp-content\/uploads\/2019\/10\/Ernst-Technologies_Vector-13.png\" alt=\"\" width=\"60\" height=\"60\" data-sizes=\"auto\" data-srcset=\"https:\/\/ernst-technologies.hk\/wp-content\/uploads\/2019\/10\/Ernst-Technologies_Vector-13.png 251w, https:\/\/ernst-technologies.hk\/wp-content\/uploads\/2019\/10\/Ernst-Technologies_Vector-13-20x20.png 20w\" sizes=\"(max-width: 60px) 100vw, 60px\" \/><\/strong><\/span><\/h4>\n<h4 style=\"text-align: center;\"><span style=\"color: #97171c;\"><strong>\u00dcber Ernst Technologies<\/strong><\/span><\/h4>\n<p style=\"text-align: center;\">Die Gesellschaft entwickelt sich rasant, und die Umgebung, in der wir leben, ist sowohl extrem modern als auch bequem, mit einem beispiellosen Sortiment von Nahrungsmitteln und einer Auswahl an Vergn\u00fcgungsm\u00f6glichkeiten. Gleichzeitig sind jedoch immer h\u00e4ufiger Schadstoffe in der Luft, im Wasser und in der Nahrung, was zu nachteiligen Auswirkungen auf die Gesundheit f\u00fchrt und das Auftreten von vielen neuen Krankheiten zur Folge hat. Auch wenn die Menschen l\u00e4nger als fr\u00fcher leben, leiden einige Personen unter noch nie dagewesenen Krankheiten und Gebrechen.<\/p>\n<p style=\"text-align: center;\">Ernst Technologies ist bestrebt, Ihre Gesundheit zu verbessern und innovative Spitzenprodukte f\u00fcr Sie zu entwickeln. Ihre Gesundheit und Sicherheit sind uns \u00e4u\u00dferst wichtig. Wir streben konsequent nach Excellence und sind zuversichtlich, dass unsere qualitativ hochwertigen Produkte in vollem Umfang Ihre Anforderungen erf\u00fcllen werden.<\/p>\n[\/vc_column_text][\/vc_column_inner][vc_column_inner width=&#8220;1\/6&#8243;][\/vc_column_inner][\/vc_row_inner][\/vc_column][\/vc_row][vc_row thb_full_width=&#8220;true&#8220; content_placement=&#8220;middle&#8220; css=&#8220;.vc_custom_1573452855654{padding-top: 100px !important;padding-bottom: 100px !important;background-color: #f7f7f7 !important;}&#8220;][vc_column][vc_row_inner thb_max_width=&#8220;&#8220;][vc_column_inner width=&#8220;1\/3&#8243; offset=&#8220;vc_col-lg-offset-1 vc_col-md-offset-1&#8243;][vc_single_image image=&#8220;89&#8243; img_size=&#8220;full&#8220;][vc_empty_space height=&#8220;40px&#8220;][\/vc_column_inner][vc_column_inner width=&#8220;1\/2&#8243; offset=&#8220;vc_col-lg-offset-0 vc_col-md-offset-0&#8243; css=&#8220;.vc_custom_1573452877605{padding-right: 10% !important;padding-left: 10% !important;}&#8220;][vc_column_text]\n<h4><strong><span style=\"color: #97171c;\">Bernhard Josef Ernst<\/span><\/strong><br \/>\n<strong><span style=\"color: #97171c;\">CEO der Ernst Group<\/span><\/strong><\/h4>\n<p>Bernhard Ernst wurde 1965 in M\u00fcnchen, Deutschland, geboren. Er wuchs in einer Unternehmerfamilie auf, wobei er die Methoden der unabh\u00e4ngigen und verantwortungsvollen Arbeit von einem fr\u00fchen Alter an erlernte. Nach seiner Ausbildung in Maschinenbau, sammelte er Erfahrung in verschiedenen Fertigungsunternehmen. Es war ihm wichtig, alle Bereiche eines Unternehmens kennen zu lernen, angefangen bei Einkauf und Kalkulation \u00fcber Produktion und Verkauf bis hin zur Mitarbeiterf\u00fchrung. Da seinerzeit Asien bereits ein viel versprechender Zukunftsmarkt war und ihn dieser Kontinent faszinierte, gr\u00fcndete er 1993 eine Firma in Hongkong, die unter dem Namen \u201eErnst Group Hong Kong Holdings Limited\u201c arbeitet. Urspr\u00fcnglich wurde Herr Ernst von deutschen Unternehmen mit der Aufgabe betraut, die Produktionslinien auf dem chinesischen Festland dahingehend zu \u00fcberwachen, dass die hochwertigen Produktionsstandards aus Deutschland konsequent eingehalten werden.<\/p>\n<p>Im Laufe der Jahre, baute Herr Ernst das Unternehmen weiter aus und teilte es in mehrere Abteilungen auf, deren Erfolge f\u00fcr alle erkennbar waren. Dank der guten Kontakte, zus\u00e4tzlich zu den Produktions- und Beratungssektoren, wurde ein weiterer Markt mit Schwerpunkt auf Direktmarketing gegr\u00fcndet. Nach vielen Jahren umsichtiger Gesch\u00e4ftsf\u00fchrung, ist die Gruppe heute in Asien eines der wegweisenden Unternehmen in der Direktvertriebsbranche. Unter der F\u00fchrung von Herrn Ernst, hat das Unternehmen mehrere Niederlassungen in China und Singapur, mit insgesamt mehr als 200 Mitarbeitern zus\u00e4tzlich zum Hauptsitz in Hongkong, gegr\u00fcndet.[\/vc_column_text][\/vc_column_inner][\/vc_row_inner][\/vc_column][\/vc_row][vc_row thb_full_width=&#8220;true&#8220; css=&#8220;.vc_custom_1573379166779{padding-top: 80px !important;padding-bottom: 80px !important;background-color: #97171c !important;}&#8220;][vc_column][vc_row_inner][vc_column_inner][vc_column_text]\n<h6 style=\"text-align: center; color: #97171c;\"><span style=\"color: #ffffff;\">Innen und au\u00dfen, Ihre Gesundheit ist uns wichtig<\/span><\/h6>\n[\/vc_column_text][\/vc_column_inner][\/vc_row_inner][\/vc_column][\/vc_row][vc_row thb_full_width=&#8220;true&#8220; content_placement=&#8220;middle&#8220; css=&#8220;.vc_custom_1573463982790{padding-top: 60px !important;background-color: #000000 !important;}&#8220;][vc_column][vc_row_inner][vc_column_inner thb_color=&#8220;thb-light-column&#8220; width=&#8220;3\/5&#8243;][vc_empty_space height=&#8220;60px&#8220;][vc_column_text]\n<h2>Frischluft<br \/>\nMultifunktionales PRO-AQUA Reinigungssystem<\/h2>\n<h3>Ihnen und Ihrer Familie saubere Luft zuf\u00fchren<\/h3>\n<p>Das Stadtleben ist gesch\u00e4ftig, und man hat nur wenig Zeit, um sich mit Gesundheitsthemen wie Umweltverschmutzung, unausgewogenen Di\u00e4ten oder suboptimale Gesundheit aufgrund des Lebens in der Stadt zu besch\u00e4ftigen. St\u00e4dter suchen einen Arzt nur dann auf, wenn sie krank werden, und planen nicht im Voraus, weshalb sie h\u00e4ufig den optimalen Zeitpunkt zur Erhaltung eines gesunden K\u00f6rpers verpassen. Unter diesem Gesichtspunkt startete unser Konzern zuerst das multifunktionale Pro-Aqua Haushaltsreinigungssystem zur Verbesserung des Lebensraums. Seit fast 10 Jahren befolgen wir konsequent die Grunds\u00e4tze zur Gesundheitsf\u00f6rderung, unterst\u00fctzt durch ein beratendes Vertriebsmodell, wodurch viele Menschen einen Schutz f\u00fcr ihre Atemwege erhalten k\u00f6nnen und gleichzeitig ihre Schlafqualit\u00e4t verbessern. Dies hat deutlich das Immunsystem gest\u00e4rkt und der Firma einen sehr guten Ruf verschafft.[\/vc_column_text][vc_empty_space height=&#8220;40px&#8220;]\t<a class=\"btn-text   style5\" href=\"http:\/\/pro-aqua-asia.hk\/en\" target=\"_self\" role=\"button\" title=\"Erfahren Sie mehr\">\n\t\t<span>Erfahren Sie mehr<\/span>\n\t\t\t\t\t<div class=\"arrow\"><svg xmlns=\"http:\/\/www.w3.org\/2000\/svg\" xmlns:xlink=\"http:\/\/www.w3.org\/1999\/xlink\" x=\"0px\" y=\"0px\"\r\n\t width=\"30px\" height=\"18px\" viewBox=\"0 0 30 18\" enable-background=\"new 0 0 30 18\" xml:space=\"preserve\">\r\n<path class=\"handle\" d=\"M20.305,16.212c-0.407,0.409-0.407,1.071,0,1.479s1.068,0.408,1.476,0l7.914-7.952c0.408-0.409,0.408-1.071,0-1.481\r\n\tl-7.914-7.952c-0.407-0.409-1.068-0.409-1.476,0s-0.407,1.071,0,1.48l7.185,7.221L20.305,16.212z\"\/>\r\n<path class=\"bar\" fill-rule=\"evenodd\" clip-rule=\"evenodd\" d=\"M1,8h28.001c0.551,0,1,0.448,1,1c0,0.553-0.449,1-1,1H1c-0.553,0-1-0.447-1-1\r\n\tC0,8.448,0.447,8,1,8z\"\/>\r\n<\/svg>\r\n<\/div><\/a>\n\n\t[vc_empty_space height=&#8220;100px&#8220;][\/vc_column_inner][vc_column_inner width=&#8220;2\/5&#8243;][vc_column_text]<img fetchpriority=\"high\" decoding=\"async\" class=\"size-full wp-image-690 aligncenter lazyload\" src=\"data:image\/gif;base64,R0lGODlhAQABAAAAACH5BAEKAAEALAAAAAABAAEAAAICTAEAOw==\" data-src=\"https:\/\/ernst-technologies.hk\/wp-content\/uploads\/2019\/11\/About-Page-content-04.png\" alt=\"\" width=\"407\" height=\"388\" data-sizes=\"auto\" data-srcset=\"https:\/\/ernst-technologies.hk\/wp-content\/uploads\/2019\/11\/About-Page-content-04.png 407w, https:\/\/ernst-technologies.hk\/wp-content\/uploads\/2019\/11\/About-Page-content-04-300x286.png 300w, https:\/\/ernst-technologies.hk\/wp-content\/uploads\/2019\/11\/About-Page-content-04-380x362.png 380w, https:\/\/ernst-technologies.hk\/wp-content\/uploads\/2019\/11\/About-Page-content-04-20x19.png 20w, https:\/\/ernst-technologies.hk\/wp-content\/uploads\/2019\/11\/About-Page-content-04-190x181.png 190w\" sizes=\"(max-width: 407px) 100vw, 407px\" \/>[\/vc_column_text][\/vc_column_inner][\/vc_row_inner][\/vc_column][\/vc_row][vc_row thb_full_width=&#8220;true&#8220; content_placement=&#8220;middle&#8220; css=&#8220;.vc_custom_1591352197738{padding-top: 60px !important;background-color: #f9f9f9 !important;}&#8220;][vc_column][vc_row_inner][vc_column_inner width=&#8220;3\/5&#8243;][vc_empty_space height=&#8220;60px&#8220;][vc_column_text]\n<h2><span style=\"color: #666666;\">St\u00e4rkt ihre gesundheit<\/span><br \/>\n<span style=\"color: #666666;\">ET-800 Alkalisch-Ionisiertes Wasserger\u00e4t<\/span><\/h2>\n<h3>Erhellen Gesundheit und Lebensstil Aufhellen<\/h3>\n<p>Trinkwasser ist eine Notwendigkeit des menschlichen Lebens. Es hat gro\u00dfe Auswirkungen auf den menschlichen K\u00f6rper und Gesundheit f\u00e4ngt mit den Grundlagen an. Das ET-800 ALKALISCH-IONISIERTE WASSERGER\u00c4T wurde zur Verbesserung der Wasserqualit\u00e4t entwickelt. Wir haben mit professionellen, japanischen Herstellern zusammengearbeitet und nach kontinuierlicher Verbesserung und Pr\u00fcfung die offizielle japanische Anerkennung f\u00fcr medizinische Sicherheit erhalten. Durch langfristiges Trinken von wasserstoffreichem Wasser kann eine effektive Versorgung der inneren und \u00e4u\u00dferen Funktionen des K\u00f6rpers erreicht werden.[\/vc_column_text][vc_empty_space height=&#8220;40px&#8220;]\t<a class=\"btn-text   style5\" href=\"https:\/\/ernst-technologies.hk\/de\/et-800\/\" target=\"_self\" role=\"button\" title=\"Erfahren Sie mehr\">\n\t\t<span>Erfahren Sie mehr<\/span>\n\t\t\t\t\t<div class=\"arrow\"><svg xmlns=\"http:\/\/www.w3.org\/2000\/svg\" xmlns:xlink=\"http:\/\/www.w3.org\/1999\/xlink\" x=\"0px\" y=\"0px\"\r\n\t width=\"30px\" height=\"18px\" viewBox=\"0 0 30 18\" enable-background=\"new 0 0 30 18\" xml:space=\"preserve\">\r\n<path class=\"handle\" d=\"M20.305,16.212c-0.407,0.409-0.407,1.071,0,1.479s1.068,0.408,1.476,0l7.914-7.952c0.408-0.409,0.408-1.071,0-1.481\r\n\tl-7.914-7.952c-0.407-0.409-1.068-0.409-1.476,0s-0.407,1.071,0,1.48l7.185,7.221L20.305,16.212z\"\/>\r\n<path class=\"bar\" fill-rule=\"evenodd\" clip-rule=\"evenodd\" d=\"M1,8h28.001c0.551,0,1,0.448,1,1c0,0.553-0.449,1-1,1H1c-0.553,0-1-0.447-1-1\r\n\tC0,8.448,0.447,8,1,8z\"\/>\r\n<\/svg>\r\n<\/div><\/a>\n\n\t[vc_empty_space height=&#8220;30px&#8220;][vc_empty_space height=&#8220;60px&#8220;][\/vc_column_inner][vc_column_inner width=&#8220;2\/5&#8243;][vc_column_text]<img decoding=\"async\" class=\"wp-image-1945 aligncenter lazyload\" src=\"data:image\/gif;base64,R0lGODlhAQABAAAAACH5BAEKAAEALAAAAAABAAEAAAICTAEAOw==\" data-src=\"https:\/\/ernst-technologies.hk\/wp-content\/uploads\/2019\/10\/ET-800_Banner2-03_optimized.png\" alt=\"\" width=\"354\" height=\"481\" data-sizes=\"auto\" data-srcset=\"https:\/\/ernst-technologies.hk\/wp-content\/uploads\/2019\/10\/ET-800_Banner2-03_optimized.png 1280w, https:\/\/ernst-technologies.hk\/wp-content\/uploads\/2019\/10\/ET-800_Banner2-03_optimized-221x300.png 221w, https:\/\/ernst-technologies.hk\/wp-content\/uploads\/2019\/10\/ET-800_Banner2-03_optimized-190x258.png 190w, https:\/\/ernst-technologies.hk\/wp-content\/uploads\/2019\/10\/ET-800_Banner2-03_optimized-20x27.png 20w\" sizes=\"(max-width: 354px) 100vw, 354px\" \/>[\/vc_column_text][vc_empty_space height=&#8220;40px&#8220;][\/vc_column_inner][\/vc_row_inner][\/vc_column][\/vc_row][vc_row thb_full_width=&#8220;true&#8220; content_placement=&#8220;middle&#8220; css=&#8220;.vc_custom_1573463968611{padding-top: 60px !important;padding-bottom: 60px !important;}&#8220;][vc_column][vc_row_inner][vc_column_inner width=&#8220;3\/5&#8243;][vc_empty_space height=&#8220;60px&#8220;][vc_column_text]\n<h2><span style=\"color: #666666;\">Reine Wasserquelle<\/span><br \/>\n<span style=\"color: #666666;\">PC-320 Wasserionisator<\/span><\/h2>\n<h3>Durch Elektrolyse zersetztes Kangen-Wasser zur Wiederherstellung Ihrer Gesundheit<\/h3>\n<p>Der PC-320 Wasserionisator wurde speziell f\u00fcr Sie angepasst, basierend auf dem Wasserh\u00e4rtegrad von Hongkong. Unsere Firma arbeitet mit japanischen Herstellern zusammen, um eine stetige Optimierung zu erzielen, und der PC-320 Wasserionisator hat von den japanischen Beh\u00f6rden eine medizinische Unbedenklichkeitsbescheinigung erhalten, die Vertrauen schafft. Solange man bei den Grundlagen beginnt, kann eine einfache Aktion das innere und \u00e4u\u00dfere Gleichgewicht Ihres K\u00f6rpers anpassen und Sie in die Richtung eines gesunden Lebensstils bewegen.[\/vc_column_text][vc_empty_space height=&#8220;40px&#8220;]\t<a class=\"btn-text   style5\" href=\"https:\/\/ernst-technologies.hk\/de\/pc-320\/\" target=\"_self\" role=\"button\" title=\"Erfahren Sie mehr\">\n\t\t<span>Erfahren Sie mehr<\/span>\n\t\t\t\t\t<div class=\"arrow\"><svg xmlns=\"http:\/\/www.w3.org\/2000\/svg\" xmlns:xlink=\"http:\/\/www.w3.org\/1999\/xlink\" x=\"0px\" y=\"0px\"\r\n\t width=\"30px\" height=\"18px\" viewBox=\"0 0 30 18\" enable-background=\"new 0 0 30 18\" xml:space=\"preserve\">\r\n<path class=\"handle\" d=\"M20.305,16.212c-0.407,0.409-0.407,1.071,0,1.479s1.068,0.408,1.476,0l7.914-7.952c0.408-0.409,0.408-1.071,0-1.481\r\n\tl-7.914-7.952c-0.407-0.409-1.068-0.409-1.476,0s-0.407,1.071,0,1.48l7.185,7.221L20.305,16.212z\"\/>\r\n<path class=\"bar\" fill-rule=\"evenodd\" clip-rule=\"evenodd\" d=\"M1,8h28.001c0.551,0,1,0.448,1,1c0,0.553-0.449,1-1,1H1c-0.553,0-1-0.447-1-1\r\n\tC0,8.448,0.447,8,1,8z\"\/>\r\n<\/svg>\r\n<\/div><\/a>\n\n\t[vc_empty_space height=&#8220;30px&#8220;][\/vc_column_inner][vc_column_inner width=&#8220;2\/5&#8243;][vc_column_text]<img loading=\"lazy\" decoding=\"async\" class=\"alignnone size-full wp-image-711 aligncenter lazyload\" src=\"data:image\/gif;base64,R0lGODlhAQABAAAAACH5BAEKAAEALAAAAAABAAEAAAICTAEAOw==\" data-src=\"https:\/\/ernst-technologies.hk\/wp-content\/uploads\/2019\/11\/Front-Page_product2.png\" alt=\"\" width=\"834\" height=\"900\" data-sizes=\"auto\" data-srcset=\"https:\/\/ernst-technologies.hk\/wp-content\/uploads\/2019\/11\/Front-Page_product2.png 834w, https:\/\/ernst-technologies.hk\/wp-content\/uploads\/2019\/11\/Front-Page_product2-278x300.png 278w, https:\/\/ernst-technologies.hk\/wp-content\/uploads\/2019\/11\/Front-Page_product2-768x829.png 768w, https:\/\/ernst-technologies.hk\/wp-content\/uploads\/2019\/11\/Front-Page_product2-380x410.png 380w, https:\/\/ernst-technologies.hk\/wp-content\/uploads\/2019\/11\/Front-Page_product2-190x205.png 190w, https:\/\/ernst-technologies.hk\/wp-content\/uploads\/2019\/11\/Front-Page_product2-760x820.png 760w, https:\/\/ernst-technologies.hk\/wp-content\/uploads\/2019\/11\/Front-Page_product2-20x22.png 20w\" sizes=\"(max-width: 834px) 100vw, 834px\" \/>[\/vc_column_text][\/vc_column_inner][\/vc_row_inner][\/vc_column][\/vc_row][vc_row thb_full_width=&#8220;true&#8220; content_placement=&#8220;middle&#8220; css=&#8220;.vc_custom_1573463974270{padding-top: 60px !important;padding-bottom: 60px !important;background-color: #f9f9f9 !important;}&#8220;][vc_column][vc_row_inner][vc_column_inner width=&#8220;3\/5&#8243;][vc_empty_space height=&#8220;60px&#8220;][vc_column_text]\n<h2 style=\"color: #666666;\">Beginnen Sie Ihre SPA-Reise<br \/>\nHappy Spa Badefiltrationsger\u00e4t<\/h2>\n<h3>Sch\u00fctzt die zarte Haut von Mutter und Kind<\/h3>\n<p>Baden ist eine wichtige Alltagsgewohnheit. Abgesehen davon, dass es unsere Haut sauber h\u00e4lt, entspannt es unseren Geist und K\u00f6rper und beseitigt M\u00fcdigkeit. Das zum Baden verwendete Leitungswasser enth\u00e4lt Chlorreste zur Desinfektion, was eine der Ursachen f\u00fcr trockene und empfindliche Haut ist. Im Zeitalter der modernen Technologie streben wir den h\u00f6chsten Standard eines gesundes Lebens an. Deshalb haben wir einen besonderen Filter zum Entfernen von Chlorresten entwickelt.[\/vc_column_text][vc_empty_space height=&#8220;40px&#8220;]\t<a class=\"btn-text   style5\" href=\"https:\/\/ernst-technologies.hk\/de\/happy-spa\/\" target=\"_self\" role=\"button\" title=\"Erfahren Sie mehr\">\n\t\t<span>Erfahren Sie mehr<\/span>\n\t\t\t\t\t<div class=\"arrow\"><svg xmlns=\"http:\/\/www.w3.org\/2000\/svg\" xmlns:xlink=\"http:\/\/www.w3.org\/1999\/xlink\" x=\"0px\" y=\"0px\"\r\n\t width=\"30px\" height=\"18px\" viewBox=\"0 0 30 18\" enable-background=\"new 0 0 30 18\" xml:space=\"preserve\">\r\n<path class=\"handle\" d=\"M20.305,16.212c-0.407,0.409-0.407,1.071,0,1.479s1.068,0.408,1.476,0l7.914-7.952c0.408-0.409,0.408-1.071,0-1.481\r\n\tl-7.914-7.952c-0.407-0.409-1.068-0.409-1.476,0s-0.407,1.071,0,1.48l7.185,7.221L20.305,16.212z\"\/>\r\n<path class=\"bar\" fill-rule=\"evenodd\" clip-rule=\"evenodd\" d=\"M1,8h28.001c0.551,0,1,0.448,1,1c0,0.553-0.449,1-1,1H1c-0.553,0-1-0.447-1-1\r\n\tC0,8.448,0.447,8,1,8z\"\/>\r\n<\/svg>\r\n<\/div><\/a>\n\n\t[vc_empty_space height=&#8220;30px&#8220;][\/vc_column_inner][vc_column_inner width=&#8220;2\/5&#8243;][vc_column_text]<img loading=\"lazy\" decoding=\"async\" class=\"wp-image-130 aligncenter lazyload\" src=\"data:image\/gif;base64,R0lGODlhAQABAAAAACH5BAEKAAEALAAAAAABAAEAAAICTAEAOw==\" data-src=\"https:\/\/ernst-technologies.hk\/wp-content\/uploads\/2019\/10\/Whole.png\" alt=\"\" width=\"392\" height=\"408\" data-sizes=\"auto\" data-srcset=\"https:\/\/ernst-technologies.hk\/wp-content\/uploads\/2019\/10\/Whole.png 2130w, https:\/\/ernst-technologies.hk\/wp-content\/uploads\/2019\/10\/Whole-288x300.png 288w, https:\/\/ernst-technologies.hk\/wp-content\/uploads\/2019\/10\/Whole-380x395.png 380w, https:\/\/ernst-technologies.hk\/wp-content\/uploads\/2019\/10\/Whole-20x21.png 20w, https:\/\/ernst-technologies.hk\/wp-content\/uploads\/2019\/10\/Whole-190x198.png 190w\" sizes=\"(max-width: 392px) 100vw, 392px\" \/>[\/vc_column_text][\/vc_column_inner][\/vc_row_inner][\/vc_column][\/vc_row]\n<\/div>","protected":false},"excerpt":{"rendered":"<p>[vc_row thb_full_width=&#8220;true&#8220; full_height=&#8220;yes&#8220; parallax=&#8220;content-moving-fade&#8220; parallax_image=&#8220;79&#8243;][vc_column][vc_row_inner content_placement=&#8220;middle&#8220;][vc_column_inner][vc_column_text] Innovative Technologie, gesundes Leben [\/vc_column_text][\/vc_column_inner][\/vc_row_inner][\/vc_column][\/vc_row][vc_row thb_full_width=&#8220;true&#8220; css=&#8220;.vc_custom_1570118354524{padding-top: 80px !important;padding-bottom: 80px !important;}&#8220;][vc_column][vc_row_inner thb_max_width=&#8220;&#8220;][vc_column_inner width=&#8220;1\/6&#8243;][\/vc_column_inner][vc_column_inner width=&#8220;2\/3&#8243;][vc_column_text] \u00dcber Ernst Technologies Die Gesellschaft entwickelt sich rasant, und die Umgebung, in der wir leben, ist sowohl extrem modern als auch bequem, mit einem beispiellosen Sortiment von Nahrungsmitteln und einer Auswahl an Vergn\u00fcgungsm\u00f6glichkeiten. Gleichzeitig sind&hellip;<\/p>\n","protected":false},"author":1,"featured_media":0,"parent":0,"menu_order":0,"comment_status":"closed","ping_status":"closed","template":"","meta":{"footnotes":""},"class_list":["post-1025","page","type-page","status-publish","hentry"],"_links":{"self":[{"href":"https:\/\/ernst-technologies.hk\/de\/wp-json\/wp\/v2\/pages\/1025","targetHints":{"allow":["GET"]}}],"collection":[{"href":"https:\/\/ernst-technologies.hk\/de\/wp-json\/wp\/v2\/pages"}],"about":[{"href":"https:\/\/ernst-technologies.hk\/de\/wp-json\/wp\/v2\/types\/page"}],"author":[{"embeddable":true,"href":"https:\/\/ernst-technologies.hk\/de\/wp-json\/wp\/v2\/users\/1"}],"replies":[{"embeddable":true,"href":"https:\/\/ernst-technologies.hk\/de\/wp-json\/wp\/v2\/comments?post=1025"}],"version-history":[{"count":8,"href":"https:\/\/ernst-technologies.hk\/de\/wp-json\/wp\/v2\/pages\/1025\/revisions"}],"predecessor-version":[{"id":2273,"href":"https:\/\/ernst-technologies.hk\/de\/wp-json\/wp\/v2\/pages\/1025\/revisions\/2273"}],"wp:attachment":[{"href":"https:\/\/ernst-technologies.hk\/de\/wp-json\/wp\/v2\/media?parent=1025"}],"curies":[{"name":"wp","href":"https:\/\/api.w.org\/{rel}","templated":true}]}}